{"id":107,"date":"2023-01-11T04:55:18","date_gmt":"2023-01-11T04:55:18","guid":{"rendered":"https:\/\/avmateras.com\/shop\/?post_type=product&#038;p=107"},"modified":"2026-04-06T22:07:57","modified_gmt":"2026-04-06T22:07:57","slug":"carteles-de-puerta","status":"publish","type":"product","link":"https:\/\/avmateras.com\/shop\/index.php\/product\/carteles-de-puerta\/","title":{"rendered":"Carteles de Puerta"},"content":{"rendered":"<p>Carteles de 20&#215;25 a 30&#215;40 cuestan lo publicado .<\/p>\n<p>los n\u00fameros pueden ser de Madera o de Acr\u00edlico Blanco .<\/p>\n<p>Especificar su preferencia y la leyenda del Cartel .<\/p>\n","protected":false},"excerpt":{"rendered":"<p>Fabricamos N\u00fameros de Puerta , residenciales , Cooperativas , Edificios , de cualquier tama\u00f1o los precios van desde 1300 hasta 2500 , Utilizamos maderas , Aluminio , Acr\u00edlico , PVC y otros materiales<\/p>\n","protected":false},"featured_media":108,"comment_status":"open","ping_status":"closed","template":"","meta":[],"product_cat":[28],"product_tag":[30],"_links":{"self":[{"href":"https:\/\/avmateras.com\/shop\/index.php\/wp-json\/wp\/v2\/product\/107"}],"collection":[{"href":"https:\/\/avmateras.com\/shop\/index.php\/wp-json\/wp\/v2\/product"}],"about":[{"href":"https:\/\/avmateras.com\/shop\/index.php\/wp-json\/wp\/v2\/types\/product"}],"replies":[{"embeddable":true,"href":"https:\/\/avmateras.com\/shop\/index.php\/wp-json\/wp\/v2\/comments?post=107"}],"wp:featuredmedia":[{"embeddable":true,"href":"https:\/\/avmateras.com\/shop\/index.php\/wp-json\/wp\/v2\/media\/108"}],"wp:attachment":[{"href":"https:\/\/avmateras.com\/shop\/index.php\/wp-json\/wp\/v2\/media?parent=107"}],"wp:term":[{"taxonomy":"product_cat","embeddable":true,"href":"https:\/\/avmateras.com\/shop\/index.php\/wp-json\/wp\/v2\/product_cat?post=107"},{"taxonomy":"product_tag","embeddable":true,"href":"https:\/\/avmateras.com\/shop\/index.php\/wp-json\/wp\/v2\/product_tag?post=107"}],"curies":[{"name":"wp","href":"https:\/\/api.w.org\/{rel}","templated":true}]}}